{"id":100,"date":"2017-11-15T04:23:26","date_gmt":"2017-11-15T04:23:26","guid":{"rendered":"http:\/\/kme-legal.hu\/new\/?page_id=100"},"modified":"2018-02-04T20:29:22","modified_gmt":"2018-02-04T20:29:22","slug":"overview-2","status":"publish","type":"page","link":"http:\/\/kme-legal.hu\/hu\/overview-2\/","title":{"rendered":"\u00c1ttekint\u00e9s"},"content":{"rendered":"<p><img loading=\"lazy\" class=\" wp-image-115 aligncenter\" src=\"http:\/\/kme-legal.hu\/new\/wp-content\/uploads\/2017\/11\/overview-300x104.jpg\" alt=\"\" width=\"542\" height=\"188\" srcset=\"http:\/\/kme-legal.hu\/wp-content\/uploads\/2017\/11\/overview-300x104.jpg 300w, http:\/\/kme-legal.hu\/wp-content\/uploads\/2017\/11\/overview-768x267.jpg 768w, http:\/\/kme-legal.hu\/wp-content\/uploads\/2017\/11\/overview-1024x356.jpg 1024w, http:\/\/kme-legal.hu\/wp-content\/uploads\/2017\/11\/overview-660x229.jpg 660w, http:\/\/kme-legal.hu\/wp-content\/uploads\/2017\/11\/overview.jpg 1583w\" sizes=\"(max-width: 542px) 100vw, 542px\" \/>A Moln\u00e1r \u00e9s Erdei egy vil\u00e1gszerte h\u00e1l\u00f3zati kapcsolatokkal rendelkez\u0151 f\u00fcggetlen magyar \u00fcgyv\u00e9di iroda, amelyet magyar jogi v\u00e9gzetts\u00e9ggel rendelkez\u0151 \u00fcgyv\u00e9dek alap\u00edtottak \u00e9s amely az \u00fcgyv\u00e9di tev\u00e9kenys\u00e9gr\u0151l sz\u00f3l\u00f3 2017. \u00e9vi LXXVIII. t\u00f6rv\u00e9ny rendelkez\u00e9seinek megfelel\u0151en m\u0171k\u00f6dik.<br \/>\nAz Iroda az \u00fczleti jog minden ter\u00fclet\u00e9re kiterjed\u0151 szolg\u00e1ltat\u00e1st ny\u00fajt a Magyarorsz\u00e1gon \u00e9s az Eur\u00f3pai Gazdas\u00e1gi T\u00e9rs\u00e9gben m\u0171k\u00f6d\u0151 k\u00fclf\u00f6ldi \u00e9s magyar \u00fcgyfelek sz\u00e1m\u00e1ra, angol, francia, n\u00e9met \u00e9s magyar nyelven egyar\u00e1nt. A Moln\u00e1r \u00e9s Erdei munkat\u00e1rsai az ut\u00f3bbi \u00e9vtizedekben nemcsak a magyar jogban szereztek j\u00e1rtass\u00e1got, hanem m\u00e1s jogrendszerek \u00fczleti jog\u00e1ban is. A k\u00fcl\u00f6nb\u00f6z\u0151 k\u00fclf\u00f6ldi jogrendszerekkel \u00e9s az \u00fczleti \u00e9s menedzsment tudom\u00e1nyokkal kapcsolatos m\u00e1sodlagos tanulm\u00e1nyok sor\u00e1n megszerzett elm\u00e9ly\u00fclt tud\u00e1s garant\u00e1lja azt, hogy a Moln\u00e1r \u00e9s Erdei a hazai \u00e9s k\u00fclf\u00f6ldi \u00fcgyfelek r\u00e9sz\u00e9re az egyedi ig\u00e9nyeknek megfelel\u0151 jogi szolg\u00e1ltat\u00e1st tudja ny\u00fajtani a lehet\u0151 legsz\u00e9lesebb ter\u00fcleten.<\/p>","protected":false},"excerpt":{"rendered":"<p>A Moln\u00e1r \u00e9s Erdei egy vil\u00e1gszerte h\u00e1l\u00f3zati kapcsolatokkal rendelkez\u0151 f\u00fcggetlen magyar \u00fcgyv\u00e9di iroda, amelyet magyar jogi v\u00e9gzetts\u00e9ggel rendelkez\u0151 \u00fcgyv\u00e9dek alap\u00edtottak \u00e9s amely az \u00fcgyv\u00e9di tev\u00e9kenys\u00e9gr\u0151l sz\u00f3l\u00f3 2017. \u00e9vi LXXVIII. t\u00f6rv\u00e9ny rendelkez\u00e9seinek megfelel\u0151en m\u0171k\u00f6dik. Az Iroda az \u00fczleti jog minden ter\u00fclet\u00e9re kiterjed\u0151 szolg\u00e1ltat\u00e1st ny\u00fajt a Magyarorsz\u00e1gon \u00e9s az Eur\u00f3pai Gazdas\u00e1gi T\u00e9rs\u00e9gben m\u0171k\u00f6d\u0151 k\u00fclf\u00f6ldi \u00e9s magyar \u00fcgyfelek\u2026 <span class=\"read-more\"><a href=\"http:\/\/kme-legal.hu\/hu\/overview-2\/\">Read More &raquo;<\/a><\/span><\/p>\n","protected":false},"author":1,"featured_media":0,"parent":0,"menu_order":0,"comment_status":"closed","ping_status":"closed","template":"","meta":[],"_links":{"self":[{"href":"http:\/\/kme-legal.hu\/hu\/wp-json\/wp\/v2\/pages\/100"}],"collection":[{"href":"http:\/\/kme-legal.hu\/hu\/wp-json\/wp\/v2\/pages"}],"about":[{"href":"http:\/\/kme-legal.hu\/hu\/wp-json\/wp\/v2\/types\/page"}],"author":[{"embeddable":true,"href":"http:\/\/kme-legal.hu\/hu\/wp-json\/wp\/v2\/users\/1"}],"replies":[{"embeddable":true,"href":"http:\/\/kme-legal.hu\/hu\/wp-json\/wp\/v2\/comments?post=100"}],"version-history":[{"count":6,"href":"http:\/\/kme-legal.hu\/hu\/wp-json\/wp\/v2\/pages\/100\/revisions"}],"predecessor-version":[{"id":177,"href":"http:\/\/kme-legal.hu\/hu\/wp-json\/wp\/v2\/pages\/100\/revisions\/177"}],"wp:attachment":[{"href":"http:\/\/kme-legal.hu\/hu\/wp-json\/wp\/v2\/media?parent=100"}],"curies":[{"name":"wp","href":"https:\/\/api.w.org\/{rel}","templated":true}]}}