{"id":191,"date":"2018-02-06T19:15:26","date_gmt":"2018-02-06T19:15:26","guid":{"rendered":"http:\/\/kme-legal.hu\/new\/?page_id=191"},"modified":"2018-02-07T06:31:48","modified_gmt":"2018-02-07T06:31:48","slug":"dr-istvan-janos-molnar-phd-curriculum-vitae","status":"publish","type":"page","link":"http:\/\/kme-legal.hu\/hu\/dr-istvan-janos-molnar-phd-curriculum-vitae\/","title":{"rendered":"Dr. Moln\u00e1r Istv\u00e1n J\u00e1nos, PhD. &#8211; \u00d6n\u00e9letrajz"},"content":{"rendered":"<p><\/p>\n<table style=\"height: 245px;\" width=\"721\">\n<tbody>\n<tr>\n<td width=\"272\">\u00a0<img loading=\"lazy\" class=\"size-full wp-image-120 aligncenter\" src=\"http:\/\/kme-legal.hu\/new\/wp-content\/uploads\/2017\/11\/molnar-istvan_cr.jpg\" alt=\"\" width=\"214\" height=\"214\" srcset=\"http:\/\/kme-legal.hu\/wp-content\/uploads\/2017\/11\/molnar-istvan_cr.jpg 214w, http:\/\/kme-legal.hu\/wp-content\/uploads\/2017\/11\/molnar-istvan_cr-150x150.jpg 150w\" sizes=\"(max-width: 214px) 100vw, 214px\" \/><\/td>\n<td width=\"342\"><strong>Dr. Moln\u00e1r Istv\u00e1n J\u00e1nos, PhD.<\/strong><\/p>\n<p>\u00dcgyv\u00e9d<\/p>\n<p><strong>Szakter\u00fcletek:<\/strong><br \/>\n&#8211;\u00a0\u00a0\u00a0\u00a0\u00a0\u00a0\u00a0 <strong>T\u00e1rsas\u00e1gi jog<\/strong><br \/>\n&#8211;\u00a0\u00a0\u00a0\u00a0\u00a0\u00a0\u00a0 <strong>Felv\u00e1s\u00e1rl\u00e1sok<\/strong><br \/>\n&#8211;\u00a0\u00a0\u00a0\u00a0\u00a0\u00a0\u00a0 <strong>Helyi \u00e9s nemzetk\u00f6zi \u00f6sszefon\u00f3d\u00e1sok<\/strong><br \/>\n&#8211;\u00a0\u00a0\u00a0\u00a0\u00a0\u00a0\u00a0 <strong>Nemzetk\u00f6zi kereskedelmi jog<\/strong><br \/>\n&#8211;\u00a0\u00a0\u00a0\u00a0\u00a0\u00a0\u00a0 <strong>Szellemi alkot\u00e1sok joga<\/strong><br \/>\n&#8211;\u00a0\u00a0\u00a0\u00a0\u00a0\u00a0\u00a0 <strong>K\u00f6zigazgat\u00e1si jog<\/strong><br \/>\n&#8211;\u00a0\u00a0\u00a0\u00a0\u00a0\u00a0\u00a0 <strong>Belf\u00f6ldi \u00e9s nemzetk\u00f6zi jogvitarendez\u00e9s<\/strong><\/td>\n<\/tr>\n<\/tbody>\n<\/table>\n<p><strong>Dr. Moln\u00e1r Istv\u00e1n J\u00e1nos <\/strong>a Budapesti \u00dcgyv\u00e9di Kamar\u00e1ba t\u00f6rt\u00e9nt bejegyz\u00e9se \u00f3ta \u00e1ltal\u00e1nos praxissal rendelkez\u0151 \u00fcgyv\u00e9dk\u00e9nt tev\u00e9kenykedik. Kor\u00e1bban, egy kereskedelemmel foglalkoz\u00f3 gazdas\u00e1gi t\u00e1rsas\u00e1g bels\u0151 jog\u00e1szak\u00e9nt a nemzetk\u00f6zi kereskedelmi jog ter\u00fclet\u00e9n jelent\u0151s szak\u00e9rtelemre tett szert, amit egyetemi oktat\u00f3k\u00e9nt is hasznos\u00edt a K\u00e1roli G\u00e1sp\u00e1r Reform\u00e1tus Egyetem \u00c1llam- \u00e9s Jogtudom\u00e1nyi Kar\u00e1n. 1993 \u00e9s 2008 k\u00f6z\u00f6tt a Gide Loyrette Nouel budapesti irod\u00e1j\u00e1ban felv\u00e1s\u00e1rl\u00e1sokkal (M&amp;A) \u00e9s \u00e1ltal\u00e1nos t\u00e1rsas\u00e1gi joggal foglalkozott, ezen k\u00edv\u00fcl vezette az iroda versenyjogi csoportj\u00e1t \u00e9s sz\u00e9les k\u00f6r\u0171 tapasztalatokra tett szert a vitarendez\u00e9sek ter\u00fclet\u00e9n is.<\/p>\n<p><strong>Nyelvtud\u00e1s:<\/strong> magyar (anyanyelv), angol \u00e9s francia<\/p>\n<p><strong>P\u00e1lyafut\u00e1s:<\/strong><\/p>\n<ul>\n<li>\u00dcgyv\u00e9d, Moln\u00e1r \u00e9s Erdei \u00dcgyv\u00e9di Iroda (2008-)<\/li>\n<li>A Gide Loyrette Nouel Budapest t\u00e1rsult \u00fcgyv\u00e9dje (1993-2008), illetve helyi partnere (1999-2008); a Ga\u00e1l, Katona &amp; Moln\u00e1r (k\u00e9s\u0151bb Moln\u00e1r &amp; Ferenczy) vezet\u0151je<\/li>\n<li>\u00dcgyv\u00e9d, Fazekas &amp; T\u00e1rsai \u00dcgyv\u00e9di Iroda (1991-1993)<\/li>\n<li>A Sk\u00e1la World Trade jogi el\u0151ad\u00f3ja, majd jogtan\u00e1csosa (1988-1991)<\/li>\n<\/ul>\n<p><strong>K\u00e9pzetts\u00e9g:<\/strong><\/p>\n<ul>\n<li>PhD. tudom\u00e1nyos fokozatot szerzett alkotm\u00e1nyjogb\u00f3l a Miskolci Egyetemen (2003)<\/li>\n<li>K\u00f6zgazd\u00e1sz szakokleveles jog\u00e1sz &#8211; Budapesti K\u00f6zgazdas\u00e1gtudom\u00e1nyi Egyetem (1998)<\/li>\n<li>Central and Eastern European Lawyers\u2019 Internship Program &#8211; Canadian Bar Association (1993)<\/li>\n<li>Nemzetk\u00f6zi kereskedelmi szakjog\u00e1sz (1992), t\u00e1rsas\u00e1gi jogi szakjog\u00e1sz \u2013 ELTE Jogi Tov\u00e1bbk\u00e9pz\u0151 Int\u00e9zet (2002)<\/li>\n<li>United Kingdom Central and Eastern European Lawyers\u2019 Scholarship Program &#8211; Queen Mary &amp; Westfield College University of London (1990)<\/li>\n<li>Jogi diploma a Miskolci Egyetemen (1988)<\/li>\n<\/ul>\n<p><\/p>","protected":false},"excerpt":{"rendered":"<p>\u00a0 Dr. Moln\u00e1r Istv\u00e1n J\u00e1nos, PhD. \u00dcgyv\u00e9d Szakter\u00fcletek: &#8211;\u00a0\u00a0\u00a0\u00a0\u00a0\u00a0\u00a0 T\u00e1rsas\u00e1gi jog &#8211;\u00a0\u00a0\u00a0\u00a0\u00a0\u00a0\u00a0 Felv\u00e1s\u00e1rl\u00e1sok &#8211;\u00a0\u00a0\u00a0\u00a0\u00a0\u00a0\u00a0 Helyi \u00e9s nemzetk\u00f6zi \u00f6sszefon\u00f3d\u00e1sok &#8211;\u00a0\u00a0\u00a0\u00a0\u00a0\u00a0\u00a0 Nemzetk\u00f6zi kereskedelmi jog &#8211;\u00a0\u00a0\u00a0\u00a0\u00a0\u00a0\u00a0 Szellemi alkot\u00e1sok joga &#8211;\u00a0\u00a0\u00a0\u00a0\u00a0\u00a0\u00a0 K\u00f6zigazgat\u00e1si jog &#8211;\u00a0\u00a0\u00a0\u00a0\u00a0\u00a0\u00a0 Belf\u00f6ldi \u00e9s nemzetk\u00f6zi jogvitarendez\u00e9s Dr. Moln\u00e1r Istv\u00e1n J\u00e1nos a Budapesti \u00dcgyv\u00e9di Kamar\u00e1ba t\u00f6rt\u00e9nt bejegyz\u00e9se \u00f3ta \u00e1ltal\u00e1nos praxissal rendelkez\u0151 \u00fcgyv\u00e9dk\u00e9nt tev\u00e9kenykedik. Kor\u00e1bban, egy kereskedelemmel foglalkoz\u00f3 gazdas\u00e1gi\u2026 <span class=\"read-more\"><a href=\"http:\/\/kme-legal.hu\/hu\/dr-istvan-janos-molnar-phd-curriculum-vitae\/\">Read More &raquo;<\/a><\/span><\/p>\n","protected":false},"author":1,"featured_media":0,"parent":0,"menu_order":0,"comment_status":"closed","ping_status":"closed","template":"","meta":[],"_links":{"self":[{"href":"http:\/\/kme-legal.hu\/hu\/wp-json\/wp\/v2\/pages\/191"}],"collection":[{"href":"http:\/\/kme-legal.hu\/hu\/wp-json\/wp\/v2\/pages"}],"about":[{"href":"http:\/\/kme-legal.hu\/hu\/wp-json\/wp\/v2\/types\/page"}],"author":[{"embeddable":true,"href":"http:\/\/kme-legal.hu\/hu\/wp-json\/wp\/v2\/users\/1"}],"replies":[{"embeddable":true,"href":"http:\/\/kme-legal.hu\/hu\/wp-json\/wp\/v2\/comments?post=191"}],"version-history":[{"count":14,"href":"http:\/\/kme-legal.hu\/hu\/wp-json\/wp\/v2\/pages\/191\/revisions"}],"predecessor-version":[{"id":235,"href":"http:\/\/kme-legal.hu\/hu\/wp-json\/wp\/v2\/pages\/191\/revisions\/235"}],"wp:attachment":[{"href":"http:\/\/kme-legal.hu\/hu\/wp-json\/wp\/v2\/media?parent=191"}],"curies":[{"name":"wp","href":"https:\/\/api.w.org\/{rel}","templated":true}]}}