{"id":195,"date":"2018-02-06T19:18:58","date_gmt":"2018-02-06T19:18:58","guid":{"rendered":"http:\/\/kme-legal.hu\/new\/?page_id=195"},"modified":"2018-02-07T06:00:12","modified_gmt":"2018-02-07T06:00:12","slug":"magyar-dr-erdei-zsolt-oneletrajz","status":"publish","type":"page","link":"http:\/\/kme-legal.hu\/hu\/magyar-dr-erdei-zsolt-oneletrajz\/","title":{"rendered":"Dr. Erdei Zsolt &#8211; \u00d6n\u00e9letrajz"},"content":{"rendered":"<p><\/p>\n<table style=\"height: 277px;\" width=\"740\">\n<tbody>\n<tr>\n<td width=\"240\">\u00a0<img loading=\"lazy\" class=\"size-full wp-image-119 aligncenter\" src=\"http:\/\/kme-legal.hu\/new\/wp-content\/uploads\/2017\/11\/erdei_cr.jpg\" alt=\"\" width=\"230\" height=\"238\" \/><\/td>\n<td width=\"342\"><strong>Dr. Erdei Zsolt<\/strong><\/p>\n<p>\u00dcgyv\u00e9d<\/p>\n<p><strong>Szakter\u00fcletek:<\/strong><br \/>\n&#8211;\u00a0\u00a0\u00a0\u00a0\u00a0\u00a0\u00a0 <strong>Ingatlanjog<\/strong><br \/>\n&#8211;\u00a0\u00a0\u00a0\u00a0\u00a0\u00a0\u00a0 <strong>Energiajog<\/strong><br \/>\n&#8211;\u00a0\u00a0\u00a0\u00a0\u00a0\u00a0\u00a0 <strong>Felsz\u00e1mol\u00e1si \u00e9s cs\u0151delj\u00e1r\u00e1sok<\/strong><br \/>\n&#8211;\u00a0\u00a0\u00a0\u00a0\u00a0\u00a0\u00a0 <strong>K\u00f6zbeszerz\u00e9sek \u00e9s k\u00f6zm\u0171szolg\u00e1ltat\u00e1s<\/strong><\/td>\n<\/tr>\n<\/tbody>\n<\/table>\n<p><strong>Dr. Erdei<\/strong> <strong>Zsolt<\/strong> egy h\u00e1rom\u00e9ves energiajogi gyakorlatot k\u00f6vet\u0151en csatlakozott az Irod\u00e1hoz. Az Irod\u00e1n bel\u00fcl ingatlanjogi tranzakci\u00f3kra specializ\u00e1l\u00f3dott, ide\u00e9rtve nemcsak az egyszer\u0171 lak\u00f3- vagy ipari ingatlanokkal kapcsolatos \u00fcgyleteket, de olyan komplex ingatlanprojekteket is, mint a sz\u00e1llod\u00e1k \u00e9s az iroda\u00e9p\u00fcletek \u00e9p\u00edt\u00e9se \u00e9s \u00fczemeltet\u00e9se. Dr. Erdei kiterjedt gyakorlattal rendelkezik a k\u00f6zbeszerz\u00e9s elj\u00e1r\u00e1sok \u00e9s a k\u00f6zm\u0171szolg\u00e1ltat\u00e1ssal kapcsolatos szerz\u0151d\u00e9sek ter\u00fclet\u00e9n. Praktiz\u00e1l\u00e1si ter\u00fcleteihez tartoznak m\u00e9g a szavatoss\u00e1gi \u00fcgyek, a kereskedelmi jog \u00e9s a fogyaszt\u00f3v\u00e9delem. 2005 j\u00faliusa \u00f3ta az Iroda tagja.<\/p>\n<p>Dr. Erdei hosszabb k\u00fclf\u00f6ldi tart\u00f3zkod\u00e1s miatt jelenleg sz\u00fcnetelteti az \u00fcgyv\u00e9di tev\u00e9kenys\u00e9g\u00e9t.<\/p>\n<p><strong>Nyelvtud\u00e1s:<\/strong> magyar (anyanyelv), angol \u00e9s francia<\/p>\n<p><strong>P\u00e1lyafut\u00e1s:<\/strong><\/p>\n<ul>\n<li>\u00dcgyv\u00e9d, Moln\u00e1r \u00e9s Erdei \u00dcgyv\u00e9di Iroda (2005-)<\/li>\n<li>T\u00e1rsult tag, Kalas \u00dcgyv\u00e9di Iroda (2003-2005)<\/li>\n<li>\u00dcgyv\u00e9djel\u00f6lt, Gide Loyrette Nouel &#8211; Budapest Office (2000-2002)<\/li>\n<\/ul>\n<p><strong>K\u00e9pzetts\u00e9g:<\/strong><\/p>\n<ul>\n<li>K\u00f6zbeszerz\u00e9si k\u00e9pz\u00e9s, Budapesti K\u00f6zgazdas\u00e1gtudom\u00e1nyi Egyetem (2010)<\/li>\n<li>DEA \u2013 Compliance law PARIS-II. ASSAS (1999-2000)<\/li>\n<li>Francia jogi tanulm\u00e1nyok &#8211; PARIS X. Nanterre (1996-1999)<\/li>\n<li>Eur\u00f3pai jogi szakk\u00e9pz\u00e9s \u2013 Szegedi Tudom\u00e1nyegyetem (1996-1999)<\/li>\n<li>Jogi diploma a Szegedi Tudom\u00e1nyegyetemen (1999)<\/li>\n<\/ul>\n<p><\/p>","protected":false},"excerpt":{"rendered":"<p>\u00a0 Dr. Erdei Zsolt \u00dcgyv\u00e9d Szakter\u00fcletek: &#8211;\u00a0\u00a0\u00a0\u00a0\u00a0\u00a0\u00a0 Ingatlanjog &#8211;\u00a0\u00a0\u00a0\u00a0\u00a0\u00a0\u00a0 Energiajog &#8211;\u00a0\u00a0\u00a0\u00a0\u00a0\u00a0\u00a0 Felsz\u00e1mol\u00e1si \u00e9s cs\u0151delj\u00e1r\u00e1sok &#8211;\u00a0\u00a0\u00a0\u00a0\u00a0\u00a0\u00a0 K\u00f6zbeszerz\u00e9sek \u00e9s k\u00f6zm\u0171szolg\u00e1ltat\u00e1s Dr. Erdei Zsolt egy h\u00e1rom\u00e9ves energiajogi gyakorlatot k\u00f6vet\u0151en csatlakozott az Irod\u00e1hoz. Az Irod\u00e1n bel\u00fcl ingatlanjogi tranzakci\u00f3kra specializ\u00e1l\u00f3dott, ide\u00e9rtve nemcsak az egyszer\u0171 lak\u00f3- vagy ipari ingatlanokkal kapcsolatos \u00fcgyleteket, de olyan komplex ingatlanprojekteket is, mint a sz\u00e1llod\u00e1k \u00e9s az\u2026 <span class=\"read-more\"><a href=\"http:\/\/kme-legal.hu\/hu\/magyar-dr-erdei-zsolt-oneletrajz\/\">Read More &raquo;<\/a><\/span><\/p>\n","protected":false},"author":1,"featured_media":0,"parent":0,"menu_order":0,"comment_status":"closed","ping_status":"closed","template":"","meta":[],"_links":{"self":[{"href":"http:\/\/kme-legal.hu\/hu\/wp-json\/wp\/v2\/pages\/195"}],"collection":[{"href":"http:\/\/kme-legal.hu\/hu\/wp-json\/wp\/v2\/pages"}],"about":[{"href":"http:\/\/kme-legal.hu\/hu\/wp-json\/wp\/v2\/types\/page"}],"author":[{"embeddable":true,"href":"http:\/\/kme-legal.hu\/hu\/wp-json\/wp\/v2\/users\/1"}],"replies":[{"embeddable":true,"href":"http:\/\/kme-legal.hu\/hu\/wp-json\/wp\/v2\/comments?post=195"}],"version-history":[{"count":6,"href":"http:\/\/kme-legal.hu\/hu\/wp-json\/wp\/v2\/pages\/195\/revisions"}],"predecessor-version":[{"id":215,"href":"http:\/\/kme-legal.hu\/hu\/wp-json\/wp\/v2\/pages\/195\/revisions\/215"}],"wp:attachment":[{"href":"http:\/\/kme-legal.hu\/hu\/wp-json\/wp\/v2\/media?parent=195"}],"curies":[{"name":"wp","href":"https:\/\/api.w.org\/{rel}","templated":true}]}}