{"id":264,"date":"2018-02-08T15:01:42","date_gmt":"2018-02-08T15:01:42","guid":{"rendered":"http:\/\/kme-legal.hu\/new\/?page_id=264"},"modified":"2018-02-08T15:09:21","modified_gmt":"2018-02-08T15:09:21","slug":"magyar-dr-loczi-kinga-erika-oneletrajz","status":"publish","type":"page","link":"http:\/\/kme-legal.hu\/hu\/magyar-dr-loczi-kinga-erika-oneletrajz\/","title":{"rendered":"Dr. L\u00f3czi Kinga Erika &#8211; \u00d6n\u00e9letrajz"},"content":{"rendered":"<p><strong><img loading=\"lazy\" class=\"size-medium wp-image-271 alignleft\" src=\"http:\/\/kme-legal.hu\/new\/wp-content\/uploads\/2018\/02\/loczi-kinga_cr-300x300.jpg\" alt=\"\" width=\"300\" height=\"300\" srcset=\"http:\/\/kme-legal.hu\/wp-content\/uploads\/2018\/02\/loczi-kinga_cr-300x300.jpg 300w, http:\/\/kme-legal.hu\/wp-content\/uploads\/2018\/02\/loczi-kinga_cr-150x150.jpg 150w, http:\/\/kme-legal.hu\/wp-content\/uploads\/2018\/02\/loczi-kinga_cr.jpg 328w\" sizes=\"(max-width: 300px) 100vw, 300px\" \/>Dr. L\u00f3czi Kinga Erika<\/strong><\/p>\n<p>\u00dcgyv\u00e9djel\u00f6lt<\/p>\n<p><strong>\u00a0<\/strong><strong>Dr. L\u00f3czi Kinga Erika <\/strong>\u00fcgyv\u00e9djel\u00f6ltk\u00e9nt tev\u00e9kenykedik a Moln\u00e1r \u00e9s Erdei \u00dcgyv\u00e9di Irod\u00e1n\u00e1l. A jogi tanulm\u00e1nyait 2011 \u00e9s 2016 k\u00f6z\u00f6tt a K\u00e1roli G\u00e1sp\u00e1r Reform\u00e1tus Egyetem \u00c1llam- \u00e9s Jogtudom\u00e1nyi Kar\u00e1n v\u00e9gezte, a diplom\u00e1j\u00e1t 2016-ban szerezte meg.<\/p>\n<p><strong>Nyelvtud\u00e1s:<\/strong> magyar (anyanyelv), angol<\/p>\n<p><strong>P\u00e1lyafut\u00e1s:<\/strong><\/p>\n<ul>\n<li>\u00dcgyv\u00e9djel\u00f6lt, Moln\u00e1r \u00e9s Erdei \u00dcgyv\u00e9di Iroda (2016-)<\/li>\n<li>Szakmai gyakorlat, Dr. Horv\u00e1th Anna Egy\u00e9ni \u00dcgyv\u00e9d (2015. janu\u00e1r 19. \u2013 2015. febru\u00e1r 06.)<\/li>\n<li>Szakmai gyakorlat, G\u00f6d\u00f6ll\u0151i J\u00e1r\u00e1sb\u00edr\u00f3s\u00e1g (2014. j\u00fanius 23. &#8211; 2014.j\u00falius 11.)<\/li>\n<\/ul>\n<p><strong>\u00a0<\/strong><strong>K\u00e9pzetts\u00e9g:<\/strong><\/p>\n<ul>\n<li>Jogi diploma a K\u00e1roli G\u00e1sp\u00e1r Reform\u00e1tus Egyetemen (2016)<\/li>\n<\/ul>\n<p><\/p>","protected":false},"excerpt":{"rendered":"<p>Dr. L\u00f3czi Kinga Erika \u00dcgyv\u00e9djel\u00f6lt \u00a0Dr. L\u00f3czi Kinga Erika \u00fcgyv\u00e9djel\u00f6ltk\u00e9nt tev\u00e9kenykedik a Moln\u00e1r \u00e9s Erdei \u00dcgyv\u00e9di Irod\u00e1n\u00e1l. A jogi tanulm\u00e1nyait 2011 \u00e9s 2016 k\u00f6z\u00f6tt a K\u00e1roli G\u00e1sp\u00e1r Reform\u00e1tus Egyetem \u00c1llam- \u00e9s Jogtudom\u00e1nyi Kar\u00e1n v\u00e9gezte, a diplom\u00e1j\u00e1t 2016-ban szerezte meg. Nyelvtud\u00e1s: magyar (anyanyelv), angol P\u00e1lyafut\u00e1s: \u00dcgyv\u00e9djel\u00f6lt, Moln\u00e1r \u00e9s Erdei \u00dcgyv\u00e9di Iroda (2016-) Szakmai gyakorlat, Dr. Horv\u00e1th\u2026 <span class=\"read-more\"><a href=\"http:\/\/kme-legal.hu\/hu\/magyar-dr-loczi-kinga-erika-oneletrajz\/\">Read More &raquo;<\/a><\/span><\/p>\n","protected":false},"author":1,"featured_media":0,"parent":0,"menu_order":0,"comment_status":"closed","ping_status":"closed","template":"","meta":[],"_links":{"self":[{"href":"http:\/\/kme-legal.hu\/hu\/wp-json\/wp\/v2\/pages\/264"}],"collection":[{"href":"http:\/\/kme-legal.hu\/hu\/wp-json\/wp\/v2\/pages"}],"about":[{"href":"http:\/\/kme-legal.hu\/hu\/wp-json\/wp\/v2\/types\/page"}],"author":[{"embeddable":true,"href":"http:\/\/kme-legal.hu\/hu\/wp-json\/wp\/v2\/users\/1"}],"replies":[{"embeddable":true,"href":"http:\/\/kme-legal.hu\/hu\/wp-json\/wp\/v2\/comments?post=264"}],"version-history":[{"count":5,"href":"http:\/\/kme-legal.hu\/hu\/wp-json\/wp\/v2\/pages\/264\/revisions"}],"predecessor-version":[{"id":275,"href":"http:\/\/kme-legal.hu\/hu\/wp-json\/wp\/v2\/pages\/264\/revisions\/275"}],"wp:attachment":[{"href":"http:\/\/kme-legal.hu\/hu\/wp-json\/wp\/v2\/media?parent=264"}],"curies":[{"name":"wp","href":"https:\/\/api.w.org\/{rel}","templated":true}]}}