{"id":276,"date":"2018-02-08T15:11:35","date_gmt":"2018-02-08T15:11:35","guid":{"rendered":"http:\/\/kme-legal.hu\/new\/?page_id=276"},"modified":"2018-02-22T18:23:34","modified_gmt":"2018-02-22T18:23:34","slug":"dr-edina-fulop-curriculum-vitae","status":"publish","type":"page","link":"http:\/\/kme-legal.hu\/hu\/dr-edina-fulop-curriculum-vitae\/","title":{"rendered":"Dr. F\u00fcl\u00f6p Edina &#8211; \u00d6n\u00e9letrajz"},"content":{"rendered":"<p><\/p>\n<table>\n<tbody>\n<tr>\n<td width=\"272\">\u00a0<img loading=\"lazy\" class=\"alignnone size-full wp-image-118\" src=\"http:\/\/kme-legal.hu\/new\/wp-content\/uploads\/2017\/11\/edina-fulop_cr.jpg\" alt=\"\" width=\"198\" height=\"230\" \/><\/td>\n<td width=\"342\" style=' vertical-align:top;'><strong>Dr. F\u00fcl\u00f6p Edina<\/strong><br \/>\n\u00dcgyv\u00e9d<br \/>\n<strong>Szakter\u00fcletek:<\/strong><br \/>\n&#8211;\u00a0\u00a0\u00a0\u00a0\u00a0\u00a0\u00a0 <strong>T\u00e1rsas\u00e1gi jog<\/strong><br \/>\n&#8211;\u00a0\u00a0\u00a0\u00a0\u00a0\u00a0\u00a0 <strong>Ingatlanjog<\/strong><br \/>\n&nbsp;<\/td>\n<\/tr>\n<\/tbody>\n<\/table>\n<p>&nbsp;<\/p>\n<p><strong>Dr. F\u00fcl\u00f6p Edina<\/strong> egy\u00e9ni \u00fcgyv\u00e9d, az iroda egy\u00fcttm\u0171k\u00f6d\u0151 partnere. Jogi diplom\u00e1j\u00e1t 2005-ben szerezte az E\u00f6tv\u00f6s Lor\u00e1nd Tudom\u00e1nyegyetemen, ezt k\u00f6vet\u0151en pedig ingatlanforgalmi szakjog\u00e1sz k\u00e9pes\u00edt\u00e9st szerzett posztgradu\u00e1lis k\u00e9pz\u00e9s keret\u00e9ben. Tapasztalattal rendelkezik az ingatlanok tranzakci\u00f3it illet\u0151en, valamint a jogi szem\u00e9lyek (kft., alap\u00edtv\u00e1ny, egyes\u00fclet, sz\u00f6vetkezet) alap\u00edt\u00e1s\u00e1ban, m\u00f3dos\u00edt\u00e1s\u00e1ban.<\/p>\n<p><strong>Nyelvtud\u00e1s:<\/strong> magyar (anyanyelv), angol \u00e9s n\u00e9met<\/p>\n<p><strong>P\u00e1lyafut\u00e1s:<\/strong><\/p>\n<ul>\n<li>Egy\u00e9ni \u00fcgyv\u00e9d, a Moln\u00e1r \u00e9s Erdei \u00dcgyv\u00e9di Iroda egy\u00fcttm\u0171k\u00f6d\u0151 partnere (2015-)<\/li>\n<li>\u00dcgyv\u00e9djel\u00f6lt a Kalas, Moln\u00e1r, Erdei \u00dcgyv\u00e9di Irod\u00e1ban (2010 -2015 )<\/li>\n<li>\u00dcgyv\u00e9djel\u00f6lt a Dr. Nagy Magdolna \u00dcgyv\u00e9di Irod\u00e1ban (2008 -2010)<\/li>\n<li>Jog\u00e1sz egy ingatlanforgalmaz\u00e1ssal foglalkoz\u00f3 gazdas\u00e1gi t\u00e1rsas\u00e1gn\u00e1l (2005 -2008)<\/li>\n<\/ul>\n<p><strong>\u00a0<\/strong><strong>K\u00e9pzetts\u00e9g:<\/strong><\/p>\n<ul>\n<li>Ingatlanforgalmi szakjog\u00e1sz diploma \u2013\u00a0 ELTE (2006-2008)<\/li>\n<li>Budapesti Kommunik\u00e1ci\u00f3s \u00e9s \u00dczleti F\u0151iskola hallgat\u00f3ja (2006 &#8211; 2009)<\/li>\n<li>Jogi diploma a E\u00f6tv\u00f6s Lor\u00e1nd Tudom\u00e1nyegyetemen (2005)<\/li>\n<\/ul>\n<p><\/p>","protected":false},"excerpt":{"rendered":"<p>\u00a0 Dr. F\u00fcl\u00f6p Edina \u00dcgyv\u00e9d Szakter\u00fcletek: &#8211;\u00a0\u00a0\u00a0\u00a0\u00a0\u00a0\u00a0 T\u00e1rsas\u00e1gi jog &#8211;\u00a0\u00a0\u00a0\u00a0\u00a0\u00a0\u00a0 Ingatlanjog &nbsp; &nbsp; Dr. F\u00fcl\u00f6p Edina egy\u00e9ni \u00fcgyv\u00e9d, az iroda egy\u00fcttm\u0171k\u00f6d\u0151 partnere. Jogi diplom\u00e1j\u00e1t 2005-ben szerezte az E\u00f6tv\u00f6s Lor\u00e1nd Tudom\u00e1nyegyetemen, ezt k\u00f6vet\u0151en pedig ingatlanforgalmi szakjog\u00e1sz k\u00e9pes\u00edt\u00e9st szerzett posztgradu\u00e1lis k\u00e9pz\u00e9s keret\u00e9ben. Tapasztalattal rendelkezik az ingatlanok tranzakci\u00f3it illet\u0151en, valamint a jogi szem\u00e9lyek (kft., alap\u00edtv\u00e1ny, egyes\u00fclet, sz\u00f6vetkezet) alap\u00edt\u00e1s\u00e1ban,\u2026 <span class=\"read-more\"><a href=\"http:\/\/kme-legal.hu\/hu\/dr-edina-fulop-curriculum-vitae\/\">Read More &raquo;<\/a><\/span><\/p>\n","protected":false},"author":1,"featured_media":0,"parent":0,"menu_order":0,"comment_status":"closed","ping_status":"closed","template":"","meta":[],"_links":{"self":[{"href":"http:\/\/kme-legal.hu\/hu\/wp-json\/wp\/v2\/pages\/276"}],"collection":[{"href":"http:\/\/kme-legal.hu\/hu\/wp-json\/wp\/v2\/pages"}],"about":[{"href":"http:\/\/kme-legal.hu\/hu\/wp-json\/wp\/v2\/types\/page"}],"author":[{"embeddable":true,"href":"http:\/\/kme-legal.hu\/hu\/wp-json\/wp\/v2\/users\/1"}],"replies":[{"embeddable":true,"href":"http:\/\/kme-legal.hu\/hu\/wp-json\/wp\/v2\/comments?post=276"}],"version-history":[{"count":32,"href":"http:\/\/kme-legal.hu\/hu\/wp-json\/wp\/v2\/pages\/276\/revisions"}],"predecessor-version":[{"id":310,"href":"http:\/\/kme-legal.hu\/hu\/wp-json\/wp\/v2\/pages\/276\/revisions\/310"}],"wp:attachment":[{"href":"http:\/\/kme-legal.hu\/hu\/wp-json\/wp\/v2\/media?parent=276"}],"curies":[{"name":"wp","href":"https:\/\/api.w.org\/{rel}","templated":true}]}}