{"id":102,"date":"2017-11-15T04:24:34","date_gmt":"2017-11-15T04:24:34","guid":{"rendered":"http:\/\/kme-legal.hu\/new\/?page_id=102"},"modified":"2018-02-07T06:07:17","modified_gmt":"2018-02-07T06:07:17","slug":"practice-areas","status":"publish","type":"page","link":"https:\/\/kme-legal.hu\/hu\/practice-areas\/","title":{"rendered":"Szakter\u00fcletek"},"content":{"rendered":"<p><\/p>\n<div style=\"text-align: justify;\">\n<p><b>T\u00e1rsas\u00e1gi jog<\/b><\/p>\n<p><img loading=\"lazy\" class=\" wp-image-111 alignright\" src=\"http:\/\/kme-legal.hu\/new\/wp-content\/uploads\/2017\/11\/mna.jpg\" alt=\"\" width=\"134\" height=\"101\" \/>Az Iroda teljes k\u00f6r\u0171 t\u00e1rsas\u00e1gi jogi szolg\u00e1ltat\u00e1s ny\u00fajt\u00e1s\u00e1t v\u00e1llalja (kereskedelmi t\u00e1rsas\u00e1gok alap\u00edt\u00e1sa, t\u00e1rsas\u00e1gi dokument\u00e1ci\u00f3 elk\u00e9sz\u00edt\u00e9se \u00e9s megt\u00e1rgyal\u00e1sa, k\u00e9pviselet a C\u00e9gb\u00edr\u00f3s\u00e1gok el\u0151tt) k\u00fclf\u00f6ldi \u00e9s hazai v\u00e1llalkoz\u00e1sok sz\u00e1m\u00e1ra. Az Iroda rendszeresen k\u00f6zrem\u0171k\u00f6dik m\u00e1r megl\u00e9v\u0151 t\u00e1rsas\u00e1gi r\u00e9szesed\u00e9sek k\u00fclf\u00f6ldi \u00e9s hazai befektet\u0151k \u00e1ltali megszerz\u00e9s\u00e9ben, ennek keret\u00e9ben r\u00e9szv\u00e9ny \u00e9s \u00fczletr\u00e9sz ad\u00e1sv\u00e9teli szerz\u0151d\u00e9sek, r\u00e9szv\u00e9nyesi \u00e9s tagi meg\u00e1llapod\u00e1sok k\u00e9sz\u00edt\u00e9s\u00e9t \u00e9s megt\u00e1rgyal\u00e1s\u00e1t, valamint a kereskedelmi tev\u00e9kenys\u00e9g folytat\u00e1s\u00e1hoz, vagy m\u00e1s okb\u00f3l sz\u00fcks\u00e9ges enged\u00e9lyek megszerz\u00e9s\u00e9t is bele\u00e9rtve.<\/p>\n<p>Az Iroda rendszeresen k\u00f6zrem\u0171k\u00f6dik jogi szak\u00e9rt\u0151k\u00e9nt t\u00e1rsas\u00e1gi \u00e1tszervez\u00e9sekben (\u00e1talakul\u00e1s, \u00f6sszeolvad\u00e1s, sz\u00e9tv\u00e1l\u00e1s), illetve ell\u00e1t v\u00e9gelsz\u00e1mol\u00f3i feladatokat is a nem fizet\u00e9sk\u00e9ptelen v\u00e1llalkoz\u00e1sok v\u00e9gelsz\u00e1mol\u00e1si elj\u00e1r\u00e1sai sor\u00e1n.<\/p>\n<p><b>\u00d6sszeolvad\u00e1sok \u00e9s felv\u00e1s\u00e1rl\u00e1sok<\/b><\/p>\n<p><img loading=\"lazy\" class=\" wp-image-110 alignleft\" src=\"http:\/\/kme-legal.hu\/new\/wp-content\/uploads\/2017\/11\/corporateLaw-300x200.jpg\" alt=\"\" width=\"212\" height=\"141\" srcset=\"https:\/\/kme-legal.hu\/wp-content\/uploads\/2017\/11\/corporateLaw-300x200.jpg 300w, https:\/\/kme-legal.hu\/wp-content\/uploads\/2017\/11\/corporateLaw-768x512.jpg 768w, https:\/\/kme-legal.hu\/wp-content\/uploads\/2017\/11\/corporateLaw.jpg 1024w, https:\/\/kme-legal.hu\/wp-content\/uploads\/2017\/11\/corporateLaw-660x440.jpg 660w\" sizes=\"(max-width: 212px) 100vw, 212px\" \/>Az Iroda t\u00f6rt\u00e9netileg er\u0151s a piacnak ebben a szegmens\u00e9ben. Rendszeresen ad tan\u00e1csot k\u00fclf\u00f6ldi befektet\u0151knek az Eur\u00f3pai Gazdas\u00e1gi T\u00e9rs\u00e9gben megval\u00f3s\u00edt\u00e1sra ker\u00fcl\u0151 \u00f6sszeolvad\u00e1sokkal \u00e9s felv\u00e1s\u00e1rl\u00e1sokkal kapcsolatban. A tev\u00e9kenys\u00e9g\u00fcnk kiterjed a teljes k\u00f6r\u0171 jogi szolg\u00e1ltat\u00e1sra az \u00fcgylet els\u0151 napj\u00e1t\u00f3l kezdve eg\u00e9szen a teljes megval\u00f3s\u00edt\u00e1sig, bele\u00e9rtve az \u00fcgylet struktur\u00e1l\u00e1s\u00e1t, az \u00fcgyleti dokument\u00e1ci\u00f3 elk\u00e9sz\u00edt\u00e9s\u00e9t, a jogi \u00e9s p\u00e9nz\u00fcgyi \u00e1tvil\u00e1g\u00edt\u00e1st, a k\u00fcl\u00f6nf\u00e9le hat\u00f3s\u00e1gok \u00e1ltali enged\u00e9lyeztet\u00e9si elj\u00e1r\u00e1sokat. Rendk\u00edv\u00fcl fontosnak tartjuk az \u00fcgyletek z\u00e1r\u00e1s ut\u00e1ni szakasz\u00e1nak a jogi kezel\u00e9s\u00e9t is.<\/p>\n<p><b>Kereskedelmi szerz\u0151d\u00e9sek<\/b><\/p>\n<p><img loading=\"lazy\" class=\"wp-image-109 alignright\" src=\"http:\/\/kme-legal.hu\/new\/wp-content\/uploads\/2017\/11\/Commercialcontracts-300x117.jpg\" alt=\"\" width=\"236\" height=\"92\" srcset=\"https:\/\/kme-legal.hu\/wp-content\/uploads\/2017\/11\/Commercialcontracts-300x117.jpg 300w, https:\/\/kme-legal.hu\/wp-content\/uploads\/2017\/11\/Commercialcontracts-768x299.jpg 768w, https:\/\/kme-legal.hu\/wp-content\/uploads\/2017\/11\/Commercialcontracts-660x257.jpg 660w, https:\/\/kme-legal.hu\/wp-content\/uploads\/2017\/11\/Commercialcontracts.jpg 987w\" sizes=\"(max-width: 236px) 100vw, 236px\" \/>Az Iroda jelent\u0151s tapasztalattal rendelkezik kereskedelmi szerz\u0151d\u00e9sek k\u00e9sz\u00edt\u00e9s\u00e9ben \u00e9s megt\u00e1rgyal\u00e1s\u00e1ban, ide\u00e9rtve az ad\u00e1sv\u00e9teli, szolg\u00e1ltat\u00e1si szerz\u0151d\u00e9seket, v\u00e1llalkoz\u00e1si szerz\u0151d\u00e9seket (bele\u00e9rtve a FIDIC-alap\u00fa szerz\u0151d\u00e9seket is) \u00e9s m\u00e1s kieg\u00e9sz\u00edt\u0151 (b\u00e9rleti, finansz\u00edroz\u00e1si, stb.) szerz\u0151d\u00e9seket is.<\/p>\n<p><b>Nemzetk\u00f6zi kereskedelmi jog<\/b><\/p>\n<p><strong><img loading=\"lazy\" class=\" wp-image-108 alignleft\" src=\"http:\/\/kme-legal.hu\/new\/wp-content\/uploads\/2017\/11\/InternationalTradelaw-300x162.jpg\" alt=\"\" width=\"231\" height=\"125\" srcset=\"https:\/\/kme-legal.hu\/wp-content\/uploads\/2017\/11\/InternationalTradelaw-300x162.jpg 300w, https:\/\/kme-legal.hu\/wp-content\/uploads\/2017\/11\/InternationalTradelaw-768x414.jpg 768w, https:\/\/kme-legal.hu\/wp-content\/uploads\/2017\/11\/InternationalTradelaw.jpg 1024w, https:\/\/kme-legal.hu\/wp-content\/uploads\/2017\/11\/InternationalTradelaw-660x356.jpg 660w\" sizes=\"(max-width: 231px) 100vw, 231px\" \/><\/strong>A nemzetk\u00f6zi kereskedelmi jog az Iroda egyik specialit\u00e1sa. Dr. Moln\u00e1r a szakmai karrierj\u00e9t a Sk\u00e1la World Trade Kft. bels\u0151 jog\u00e1szak\u00e9nt kezdte, amely az 1980-as \u00e9vek legend\u00e1s magyar kereskedelmi v\u00e1llalat\u00e1nak, a Sk\u00e1la-Coopnak a nemzetk\u00f6zi kereskedelmi div\u00edzi\u00f3ja volt. Dr. Moln\u00e1r a nemzetk\u00f6zi kereskedelmi jog oktat\u00f3ja volt 1991 \u00e9s 2008 k\u00f6z\u00f6tt a Miskolci Egyetemen, jelenleg pedig ugyanezt a tant\u00e1rgyat oktatja a K\u00e1roli G\u00e1sp\u00e1r Reform\u00e1tus Egyetem \u00c1llam- \u00e9s Jogtudom\u00e1nyi Kar\u00e1nak docensek\u00e9nt. Dr. Moln\u00e1r az ut\u00f3bbi h\u00e1rom \u00e9vtizedben folyamatosan ad tan\u00e1csokat k\u00fcl\u00f6nb\u00f6z\u0151 \u00fcgyfeleknek ezen a jogter\u00fcleten (ide\u00e9rtve t\u00f6bbek k\u00f6z\u00f6tt a B\u00e9csi V\u00e9teli Egyezm\u00e9ny al\u00e1 tartoz\u00f3 szerz\u0151d\u00e9seket, a forgalmaz\u00f3i \u00e9s \u00fcgyn\u00f6ki szerz\u0151d\u00e9seket, nemzetk\u00f6zi fuvaroz\u00e1si szerz\u0151d\u00e9seket \u00e9s okm\u00e1nyos meghitelez\u00e9si \u00fcgyleteket), \u00e9s kiemelked\u0151 szaktekint\u00e9lynek sz\u00e1m\u00edt a jogter\u00fclettel kapcsolatos hazai \u00e9s nemzetk\u00f6zi vitarendez\u00e9s ter\u00fclet\u00e9n.<\/p>\n<p><b>Ingatlanjog<\/b><\/p>\n<p><img loading=\"lazy\" class=\"size-medium wp-image-107 alignright\" src=\"http:\/\/kme-legal.hu\/new\/wp-content\/uploads\/2017\/11\/Real-Estate-Investment-300x169.jpg\" sizes=\"(max-width: 300px) 100vw, 300px\" srcset=\"http:\/\/kme-legal.hu\/new\/wp-content\/uploads\/2017\/11\/Real-Estate-Investment-300x169.jpg 300w, http:\/\/kme-legal.hu\/new\/wp-content\/uploads\/2017\/11\/Real-Estate-Investment-660x371.jpg 660w, http:\/\/kme-legal.hu\/new\/wp-content\/uploads\/2017\/11\/Real-Estate-Investment.jpg 750w\" alt=\"\" width=\"300\" height=\"169\" \/>Az Iroda rendszeresen ad tan\u00e1csokat k\u00fcl\u00f6nb\u00f6z\u0151 \u00fcgyfeleknek ingatlanok megszerz\u00e9s\u00e9vel \u00e9s elad\u00e1s\u00e1val kapcsolatban, ide\u00e9rtve nemcsak az egyszer\u0171 lak\u00f3ingatlanokat vagy ipari l\u00e9tes\u00edtm\u00e9nyeket, hanem az olyan komplex ingatlanprojekteket is, mint az ipari parkok, sz\u00e1llod\u00e1k \u00e9s iroda\u00e9p\u00fcletek. Dr. F\u00fcl\u00f6p az ingatlan\u00fcgyletek \u00e9s a t\u00e1rsash\u00e1zi jog vezet\u0151 szak\u00e9rt\u0151je.<\/p>\n<p>Az Iroda tev\u00e9kenys\u00e9ge kiterjed az ingatlanok megszerz\u00e9s\u00e9vel kapcsolatos jogi \u00e1tvil\u00e1g\u00edt\u00e1sokra, az ad\u00e1sv\u00e9teli szerz\u0151d\u00e9sek, tervez\u00e9si \u00e9s \u00e9p\u00edt\u00e9si szerz\u0151d\u00e9sek, az ingatlankezel\u00e9si \u00e9s b\u00e9rleti szerz\u0151d\u00e9sek elk\u00e9sz\u00edt\u00e9s\u00e9re \u00e9s megt\u00e1rgyal\u00e1s\u00e1ra.<\/p>\n<p>Az Iroda gyakran m\u0171k\u00f6dik k\u00f6zre az ingatlanprojektekkel kapcsolatos k\u00f6zigazgat\u00e1si enged\u00e9lyez\u00e9si elj\u00e1r\u00e1sokban is.<\/p>\n<p><b>Versenyjog<\/b><\/p>\n<p>Az Iroda k\u00fcl\u00f6nb\u00f6z\u0151 szolg\u00e1ltat\u00e1sok ny\u00fajt\u00e1s\u00e1t v\u00e1llalja a versenyjog ter\u00fclet\u00e9n is \u00e9s az \u00f6sszefon\u00f3d\u00e1si \u00fcgyek elismert szak\u00e9rt\u0151j\u00e9nek sz\u00e1m\u00edt. Gyakran k\u00e9pvisel \u00fcgyfeleket a Gazdas\u00e1gi Versenyhivatal el\u0151tt zajl\u00f3 enged\u00e9lyez\u00e9si elj\u00e1r\u00e1sokban. Az Iroda ugyancsak ell\u00e1t k\u00e9pviseletet tisztess\u00e9gtelen versennyel kapcsolatos \u00e9s kartell\u00fcgyekben.<\/p>\n<p><b>Munkajog<\/b><\/p>\n<p><img loading=\"lazy\" class=\" wp-image-106 alignleft\" src=\"http:\/\/kme-legal.hu\/new\/wp-content\/uploads\/2017\/11\/stock-photo-labor-laws-and-legislation-for-protecting-worker-unions-332350277-300x225.jpg\" sizes=\"(max-width: 134px) 100vw, 134px\" srcset=\"http:\/\/kme-legal.hu\/new\/wp-content\/uploads\/2017\/11\/stock-photo-labor-laws-and-legislation-for-protecting-worker-unions-332350277-300x225.jpg 300w, http:\/\/kme-legal.hu\/new\/wp-content\/uploads\/2017\/11\/stock-photo-labor-laws-and-legislation-for-protecting-worker-unions-332350277.jpg 450w\" alt=\"\" width=\"134\" height=\"101\" \/>Az Iroda folyamatosan ad tan\u00e1csokat \u00fcgyfeleinek munkajogi \u00fcgyekben, ide\u00e9rtve nemcsak a munkaszerz\u0151d\u00e9sek megk\u00f6t\u00e9s\u00e9t, m\u00f3dos\u00edt\u00e1s\u00e1t vagy megsz\u00fcntet\u00e9s\u00e9t, de a munkajogi vit\u00e1k rendez\u00e9s\u00e9t is, bele\u00e9rtve a munka\u00fcgyi b\u00edr\u00f3s\u00e1gok el\u0151tti k\u00e9pviseletet is.<\/p>\n<p>Az Iroda rendszeresen r\u00e9szt vesz kollekt\u00edv szerz\u0151d\u00e9sek elk\u00e9sz\u00edt\u00e9s\u00e9ben. A tev\u00e9kenys\u00e9g\u00fcnk ugyancsak kiterjed a munkav\u00e1llal\u00f3k nagyobb sz\u00e1m\u00e1t \u00e9rint\u0151 int\u00e9zked\u00e9sekkel (pl. v\u00e1llalati jogut\u00f3dl\u00e1s, \u00e1tstruktur\u00e1l\u00e1s, csoportos l\u00e9tsz\u00e1mcs\u00f6kkent\u00e9s, stb.) kapcsolatos tan\u00e1csad\u00e1sra.<\/p>\n<p><b>Szellemi alkot\u00e1sok<\/b><\/p>\n<p><img loading=\"lazy\" class=\" wp-image-105 alignright\" src=\"http:\/\/kme-legal.hu\/new\/wp-content\/uploads\/2017\/11\/intellectual-property-rights-amazon-300x200.jpg\" sizes=\"(max-width: 171px) 100vw, 171px\" srcset=\"http:\/\/kme-legal.hu\/new\/wp-content\/uploads\/2017\/11\/intellectual-property-rights-amazon-300x200.jpg 300w, http:\/\/kme-legal.hu\/new\/wp-content\/uploads\/2017\/11\/intellectual-property-rights-amazon-768x512.jpg 768w, http:\/\/kme-legal.hu\/new\/wp-content\/uploads\/2017\/11\/intellectual-property-rights-amazon-660x440.jpg 660w, http:\/\/kme-legal.hu\/new\/wp-content\/uploads\/2017\/11\/intellectual-property-rights-amazon.jpg 880w\" alt=\"\" width=\"171\" height=\"114\" \/>Az Iroda jelent\u0151s tapasztalattal rendelkezik a szellemi alkot\u00e1sokkal kapcsolatos \u00fcgyek int\u00e9z\u00e9s\u00e9ben, bele\u00e9rtve a v\u00e9djegyekkel \u00e9s mint\u00e1kkal kapcsolatos hazai, eur\u00f3pai \u00e9s nemzetk\u00f6zi elj\u00e1r\u00e1sokat, a szellemi alkot\u00e1sokra vonatkoz\u00f3 jogok megs\u00e9rt\u00e9s\u00e9vel kapcsolatos elj\u00e1r\u00e1sokkal valamint az ilyen jogok \u00e1truh\u00e1z\u00e1s\u00e1val \u00e9s haszn\u00e1latba ad\u00e1s\u00e1val kapcsolatos szerz\u0151d\u00e9sek elk\u00e9sz\u00edt\u00e9s\u00e9t is.<\/p>\n<p><b>Vitarendez\u00e9s, peres \u00e9s nemperes elj\u00e1r\u00e1sok, v\u00e1lasztottb\u00edr\u00e1skod\u00e1s<\/b><\/p>\n<p><img loading=\"lazy\" class=\" wp-image-104 alignright\" src=\"http:\/\/kme-legal.hu\/new\/wp-content\/uploads\/2017\/11\/Arbitration-300x206.png\" sizes=\"(max-width: 207px) 100vw, 207px\" srcset=\"http:\/\/kme-legal.hu\/new\/wp-content\/uploads\/2017\/11\/Arbitration-300x206.png 300w, http:\/\/kme-legal.hu\/new\/wp-content\/uploads\/2017\/11\/Arbitration.png 500w\" alt=\"\" width=\"207\" height=\"142\" \/>Az Iroda rendszeresen k\u00e9pviseli \u00fcgyfeleit k\u00fcl\u00f6nf\u00e9le \u00fczleti joggal kapcsolatos jogvit\u00e1ikban a magyar rendes b\u00edr\u00f3s\u00e1gok el\u0151tt. \u00dcgyv\u00e9deink elj\u00e1rnak szerz\u0151d\u00e9sszeg\u00e9sekkel, k\u00e1rt\u00e9r\u00edt\u00e9si ig\u00e9nyekkel, szellemi alkot\u00e1sokkal kapcsolatos \u00fcgyekben, k\u00f6zigazgat\u00e1si hat\u00e1rozatok b\u00edr\u00f3i fel\u00fclvizsg\u00e1lata \u00e9rdek\u00e9ben \u00e9s felsz\u00e1mol\u00e1si elj\u00e1r\u00e1sokban.<\/p>\n<p>\u00dcgyv\u00e9deink jelent\u0151s tapasztalattal b\u00edrnak a v\u00e1lasztottb\u00edr\u00f3s\u00e1gi elj\u00e1r\u00e1sokban val\u00f3 k\u00e9pviselet ter\u00fclet\u00e9n is. Dr. Moln\u00e1r m\u00e1r t\u00f6bbsz\u00f6r t\u00f6lt\u00f6tt be v\u00e1lasztottb\u00edr\u00f3i tiszts\u00e9get a Magyar Kereskedelmi \u00e9s Iparkamara mellett szervezett \u00c1lland\u00f3 V\u00e1lasztottb\u00edr\u00f3s\u00e1g \u00e9s a Budapesti \u00dcgyv\u00e9di Kamara ad hoc v\u00e1lasztottb\u00edr\u00f3s\u00e1ga keret\u00e9n bel\u00fcl.<\/p>\n<\/div>\n<p><\/p>","protected":false},"excerpt":{"rendered":"<p>T\u00e1rsas\u00e1gi jog Az Iroda teljes k\u00f6r\u0171 t\u00e1rsas\u00e1gi jogi szolg\u00e1ltat\u00e1s ny\u00fajt\u00e1s\u00e1t v\u00e1llalja (kereskedelmi t\u00e1rsas\u00e1gok alap\u00edt\u00e1sa, t\u00e1rsas\u00e1gi dokument\u00e1ci\u00f3 elk\u00e9sz\u00edt\u00e9se \u00e9s megt\u00e1rgyal\u00e1sa, k\u00e9pviselet a C\u00e9gb\u00edr\u00f3s\u00e1gok el\u0151tt) k\u00fclf\u00f6ldi \u00e9s hazai v\u00e1llalkoz\u00e1sok sz\u00e1m\u00e1ra. Az Iroda rendszeresen k\u00f6zrem\u0171k\u00f6dik m\u00e1r megl\u00e9v\u0151 t\u00e1rsas\u00e1gi r\u00e9szesed\u00e9sek k\u00fclf\u00f6ldi \u00e9s hazai befektet\u0151k \u00e1ltali megszerz\u00e9s\u00e9ben, ennek keret\u00e9ben r\u00e9szv\u00e9ny \u00e9s \u00fczletr\u00e9sz ad\u00e1sv\u00e9teli szerz\u0151d\u00e9sek, r\u00e9szv\u00e9nyesi \u00e9s tagi meg\u00e1llapod\u00e1sok k\u00e9sz\u00edt\u00e9s\u00e9t \u00e9s\u2026 <span class=\"read-more\"><a href=\"https:\/\/kme-legal.hu\/hu\/practice-areas\/\">Read More &raquo;<\/a><\/span><\/p>\n","protected":false},"author":1,"featured_media":0,"parent":0,"menu_order":0,"comment_status":"closed","ping_status":"closed","template":"","meta":[],"_links":{"self":[{"href":"https:\/\/kme-legal.hu\/hu\/wp-json\/wp\/v2\/pages\/102"}],"collection":[{"href":"https:\/\/kme-legal.hu\/hu\/wp-json\/wp\/v2\/pages"}],"about":[{"href":"https:\/\/kme-legal.hu\/hu\/wp-json\/wp\/v2\/types\/page"}],"author":[{"embeddable":true,"href":"https:\/\/kme-legal.hu\/hu\/wp-json\/wp\/v2\/users\/1"}],"replies":[{"embeddable":true,"href":"https:\/\/kme-legal.hu\/hu\/wp-json\/wp\/v2\/comments?post=102"}],"version-history":[{"count":19,"href":"https:\/\/kme-legal.hu\/hu\/wp-json\/wp\/v2\/pages\/102\/revisions"}],"predecessor-version":[{"id":227,"href":"https:\/\/kme-legal.hu\/hu\/wp-json\/wp\/v2\/pages\/102\/revisions\/227"}],"wp:attachment":[{"href":"https:\/\/kme-legal.hu\/hu\/wp-json\/wp\/v2\/media?parent=102"}],"curies":[{"name":"wp","href":"https:\/\/api.w.org\/{rel}","templated":true}]}}