{"id":13,"date":"2017-08-29T06:10:52","date_gmt":"2017-08-29T06:10:52","guid":{"rendered":"http:\/\/kme-legal.hu\/new\/?page_id=13"},"modified":"2018-02-07T10:12:11","modified_gmt":"2018-02-07T10:12:11","slug":"principless","status":"publish","type":"page","link":"https:\/\/kme-legal.hu\/hu\/principless\/","title":{"rendered":"Alapelvek"},"content":{"rendered":"<p>Megold\u00e1s<\/p>\n<p><img loading=\"lazy\" class=\" wp-image-64 aligncenter\" src=\"http:\/\/kme-legal.hu\/new\/wp-content\/uploads\/2017\/10\/understanding-300x179.jpg\" sizes=\"(max-width: 704px) 100vw, 704px\" srcset=\"http:\/\/kme-legal.hu\/new\/wp-content\/uploads\/2017\/10\/understanding-300x179.jpg 300w, http:\/\/kme-legal.hu\/new\/wp-content\/uploads\/2017\/10\/understanding.jpg 439w\" alt=\"\" width=\"704\" height=\"420\" \/><\/p>\n<p>A k\u00f6zgazdas\u00e1gi gondolkod\u00e1s elt\u00e9r egy jog\u00e1sz gondolkod\u00e1s\u00e1t\u00f3l. Ugyan\u00edgy, a kontinent\u00e1lis jogrendszerek megold\u00e1sai k\u00fcl\u00f6nb\u00f6znek az angolsz\u00e1sz esetjogi megold\u00e1sokt\u00f3l. Ha ez m\u00e9g nem volna el\u00e9g, minden befektet\u0151 a maga nyelv\u00e9t, specifikus d\u00f6nt\u00e9shozatali mechanizmus\u00e1t \u00e9s \u00fczleti kult\u00far\u00e1j\u00e1t hozza az \u00fcgyletbe. A mi id\u0151nk akkor j\u00f6n el, amikor ezeket a fent eml\u00edtett k\u00fcl\u00f6nb\u00f6z\u0151 ig\u00e9nyeket kell egyetlen \u00e1tfog\u00f3 szerz\u0151d\u00e9ses dokument\u00e1ci\u00f3ban \u00f6sszefoglalni. L\u00e9nyegre t\u00f6r\u0151 \u00e9s mindenre kiterjed\u0151 jogi gondolkod\u00e1sunk a hat\u00e9kony kock\u00e1zatkezel\u00e9st meghalad\u00f3an is megold\u00e1sokkal szolg\u00e1lhat ezekre a probl\u00e9m\u00e1kra.<\/p>\n<p>Stabilit\u00e1s<\/p>\n<p><img loading=\"lazy\" class=\"\" src=\"http:\/\/kme-legal.hu\/images\/stability.jpg\" alt=\"\" width=\"726\" height=\"433\" \/><\/p>\n<p>Minden \u00fcgyletnek megvan a z\u00e1r\u00e1s ut\u00e1ni \u00e9lete. Ez a z\u00e1r\u00e1s ut\u00e1ni \u00e9let a beruh\u00e1z\u00e1s ultima rati\u00f3ja. \u00c9ppen ez\u00e9rt ez a szakasz sokkal fontosabb, mint a befektet\u0151 els\u0151 piacra l\u00e9p\u00e9se. Egyetlen jogi strukt\u00fara sem hanyagolhatja el ezt a z\u00e1r\u00e1s ut\u00e1ni f\u00e1zist, vagy ha m\u00e9gis megteszi, azzal vesz\u00e9lyezteti a kezdeti szakasz stabilit\u00e1s\u00e1t. Egy megold\u00e1s csak akkor lehet megfelel\u0151, ha sz\u00e1m\u00edt\u00e1sba veszi a befektet\u00e9s valamennyi f\u00e1zis\u00e1t \u00e9s ki\u00e1llja az id\u0151 pr\u00f3b\u00e1j\u00e1t.<\/p>\n<p>Min\u0151s\u00e9g<\/p>\n<p><img loading=\"lazy\" class=\"\" src=\"http:\/\/kme-legal.hu\/images\/quality.jpg\" alt=\"\" width=\"718\" height=\"428\" \/><\/p>\n<p>Valamennyi \u00fcgylet m\u00e1s \u00e9s m\u00e1s. Ha pedig az \u00fcgyletek k\u00fcl\u00f6nb\u00f6z\u0151ek, a vel\u00fck kapcsolatban ny\u00fajtott jogi tan\u00e1cs sem lehet ugyanaz. Minden \u00fcgylet k\u00fcl\u00f6n\u00f6s figyelmet k\u00edv\u00e1n meg \u00e9s a rutinelj\u00e1r\u00e1sok nem m\u0171k\u00f6dnek. A figyelem el\u0151sz\u00f6r is azt jelenti, hogy az \u00fcgyfelet figyelmesen meg kell hallgatni \u00e9s meg kell \u00e9rteni. Azt\u00e1n fel kell \u00e1ll\u00edtani a megfelel\u0151 jogi csapatot, olyat, amilyet az adott \u00fcgylet megk\u00edv\u00e1n. V\u00e9g\u00fcl minden \u00fcgyletet \u00fagy kell kezelni, mint ha a saj\u00e1tunk lenne annak \u00e9rdek\u00e9ben, hogy mind az \u00edr\u00e1sos, mind pedig a sz\u00f3beli tan\u00e1csad\u00e1s sor\u00e1n a legmagasabb szakmai min\u0151s\u00e9get \u00e9rhess\u00fck el.<\/p>\n<p>\u00c1tl\u00e1that\u00f3s\u00e1g<\/p>\n<p><img loading=\"lazy\" class=\"\" src=\"http:\/\/kme-legal.hu\/images\/principles.jpg\" alt=\"\" width=\"720\" height=\"429\" \/><\/p>\n<p>Az ut\u00f3bbi \u00e9vtizedekben az \u00fcgyletekkel kapcsolatos k\u00f6lts\u00e9geket \u00e1ltal\u00e1ban az anyav\u00e1llalatok bocs\u00e1tj\u00e1k a helyi le\u00e1nyv\u00e1llalatok rendelkez\u00e9s\u00e9re. A piac k\u00f6lts\u00e9g\u00e9rz\u00e9kenny\u00e9 v\u00e1lt \u00e9s nemzetk\u00f6zi \u00fcgyv\u00e9di munkad\u00edjak csak ritk\u00e1n alkalmazhat\u00f3k ak\u00e1r region\u00e1lis \u00fcgyletekre is. A Moln\u00e1r \u00e9s Erdei \u00dcgyv\u00e9di Irod\u00e1n\u00e1l \u00fcgyel\u00fcnk arra, hogy az \u00dcgyfelekkel val\u00f3 egy\u00fcttm\u0171k\u00f6d\u00e9s felt\u00e9teleinek a kialak\u00edt\u00e1sa sor\u00e1n figyelembe vegy\u00fck a fentieket. Szil\u00e1rdan hissz\u00fck, hogy ily m\u00f3don b\u00e1rmely megb\u00edz\u00e1s els\u0151 napj\u00e1t\u00f3l elker\u00fclhet\u0151 a felesleges, k\u00f6lts\u00e9ges \u00e9s c\u00e9lra nem vezet\u0151 munkav\u00e9gz\u00e9s.<\/p>","protected":false},"excerpt":{"rendered":"<p>Megold\u00e1s A k\u00f6zgazdas\u00e1gi gondolkod\u00e1s elt\u00e9r egy jog\u00e1sz gondolkod\u00e1s\u00e1t\u00f3l. Ugyan\u00edgy, a kontinent\u00e1lis jogrendszerek megold\u00e1sai k\u00fcl\u00f6nb\u00f6znek az angolsz\u00e1sz esetjogi megold\u00e1sokt\u00f3l. Ha ez m\u00e9g nem volna el\u00e9g, minden befektet\u0151 a maga nyelv\u00e9t, specifikus d\u00f6nt\u00e9shozatali mechanizmus\u00e1t \u00e9s \u00fczleti kult\u00far\u00e1j\u00e1t hozza az \u00fcgyletbe. A mi id\u0151nk akkor j\u00f6n el, amikor ezeket a fent eml\u00edtett k\u00fcl\u00f6nb\u00f6z\u0151 ig\u00e9nyeket kell egyetlen \u00e1tfog\u00f3 szerz\u0151d\u00e9ses\u2026 <span class=\"read-more\"><a href=\"https:\/\/kme-legal.hu\/hu\/principless\/\">Read More &raquo;<\/a><\/span><\/p>\n","protected":false},"author":1,"featured_media":0,"parent":0,"menu_order":0,"comment_status":"closed","ping_status":"closed","template":"","meta":[],"_links":{"self":[{"href":"https:\/\/kme-legal.hu\/hu\/wp-json\/wp\/v2\/pages\/13"}],"collection":[{"href":"https:\/\/kme-legal.hu\/hu\/wp-json\/wp\/v2\/pages"}],"about":[{"href":"https:\/\/kme-legal.hu\/hu\/wp-json\/wp\/v2\/types\/page"}],"author":[{"embeddable":true,"href":"https:\/\/kme-legal.hu\/hu\/wp-json\/wp\/v2\/users\/1"}],"replies":[{"embeddable":true,"href":"https:\/\/kme-legal.hu\/hu\/wp-json\/wp\/v2\/comments?post=13"}],"version-history":[{"count":10,"href":"https:\/\/kme-legal.hu\/hu\/wp-json\/wp\/v2\/pages\/13\/revisions"}],"predecessor-version":[{"id":263,"href":"https:\/\/kme-legal.hu\/hu\/wp-json\/wp\/v2\/pages\/13\/revisions\/263"}],"wp:attachment":[{"href":"https:\/\/kme-legal.hu\/hu\/wp-json\/wp\/v2\/media?parent=13"}],"curies":[{"name":"wp","href":"https:\/\/api.w.org\/{rel}","templated":true}]}}