{"id":15,"date":"2017-08-29T06:11:06","date_gmt":"2017-08-29T06:11:06","guid":{"rendered":"http:\/\/kme-legal.hu\/new\/?page_id=15"},"modified":"2021-04-27T02:42:34","modified_gmt":"2021-04-27T01:42:34","slug":"lawyers","status":"publish","type":"page","link":"https:\/\/kme-legal.hu\/hu\/lawyers\/","title":{"rendered":"Munkat\u00e1rsak"},"content":{"rendered":"<p>[kapcsolat lang=&#8217;hu&#8217;]\t<\/p>\n<div class=\"entry-content\">\n<div id=\"nevjegy1\">\n<div class=\"left\">\n<p id=\"nev\">Dr. Moln\u00e1r Istv\u00e1n J\u00e1nos<\/p>\n<p id=\"pos\">\u00dcgyv\u00e9d<\/p>\n<p id=\"cv\"><a href=\"http:\/\/kme-legal.hu\/new\/dr-istvan-janos-molnar-phd-curriculum-vitae\/\">\u00d6n\u00e9letrajz<\/a><\/p>\n<p id=\"mail\"><a href=\"mailto:molnar@kme-legal.hu\">molnar@kme-legal.hu<\/a><\/p>\n<p id=\"phone\"><a href=\"tel:+36 1 225 0698\">+36 1 225 0698<\/a><\/p>\n<\/p><\/div>\n<div class=\"right\"><img src=\"http:\/\/kme-legal.hu\/new\/wp-content\/uploads\/2017\/11\/molnar-istvan_cr.jpg\"><\/div>\n<div style=\"clear: both;\"><\/div>\n<\/p><\/div>\n<div id=\"nevjegy1\">\n<div class=\"left\">\n<p id=\"nev\">Dr. Erdei Zsolt<\/p>\n<p id=\"pos\">\u00dcgyv\u00e9d<\/p>\n<p id=\"cv\"><a href=\"http:\/\/kme-legal.hu\/new\/magyar-dr-erdei-zsolt-oneletrajz\/\">\u00d6n\u00e9letrajz<\/a><\/p>\n<p id=\"mail\"><a href=\"mailto:erdei@kme-legal.hu\">erdei@kme-legal.hu<\/a><\/p>\n<p id=\"phone\"><a href=\"tel:+36 1 225 0698\">+36 1 225 0698<\/a><\/p>\n<\/p><\/div>\n<div class=\"right\"><img src=\"http:\/\/kme-legal.hu\/new\/wp-content\/uploads\/2017\/11\/erdei_cr.jpg\"><\/div>\n<div style=\"clear: both;\"><\/div>\n<\/p><\/div>\n<div id=\"nevjegy1\">\n<div class=\"left\">\n<p id=\"nev\">Dr. F\u00fcl\u00f6p Edina<\/p>\n<p id=\"pos\">\u00dcgyv\u00e9d<\/p>\n<p id=\"cv\"><a href=\"http:\/\/kme-legal.hu\/new\/dr-edina-fulop-curriculum-vitae\/\">\u00d6n\u00e9letrajz<\/a><\/p>\n<p id=\"mail\"><a href=\"mailto:fulop@kme-legal.hu\">fulop@kme-legal.hu<\/a><\/p>\n<p id=\"phone\"><a href=\"tel:+36 1 225 0698\">+36 1 225 0698<\/a><\/p>\n<\/p><\/div>\n<div class=\"right\"><img src=\"http:\/\/kme-legal.hu\/new\/wp-content\/uploads\/2017\/11\/edina-fulop_cr.jpg\"><\/div>\n<div style=\"clear: both;\"><\/div>\n<\/p><\/div>\n<div id=\"nevjegy1\">\n<div class=\"left\">\n<p id=\"nev\">Dr. L\u00f3czi Kinga<\/p>\n<p id=\"pos\">\u00dcgyv\u00e9djel\u00f6lt<\/p>\n<p id=\"cv\"><a href=\"http:\/\/kme-legal.hu\/new\/magyar-dr-loczi-kinga-erika-oneletrajz\/\">\u00d6n\u00e9letrajz<\/a><\/p>\n<p id=\"mail\"><a href=\"mailto:loczi.kinga@kme-legal.hu\">loczi.kinga@kme-legal.hu<\/a><\/p>\n<p id=\"phone\"><a href=\"tel:+36 1 225 0698\">+36 1 225 0698<\/a><\/p>\n<\/p><\/div>\n<div class=\"right\"><img src=\"http:\/\/kme-legal.hu\/new\/wp-content\/uploads\/2018\/02\/loczi-kinga_cr.jpg\"><\/div>\n<div style=\"clear: both;\"><\/div>\n<\/p><\/div>\n<p><\/p>","protected":false},"excerpt":{"rendered":"<p>[kapcsolat lang=&#8217;hu&#8217;] Dr. Moln\u00e1r Istv\u00e1n J\u00e1nos \u00dcgyv\u00e9d \u00d6n\u00e9letrajz molnar@kme-legal.hu +36 1 225 0698 Dr. Erdei Zsolt \u00dcgyv\u00e9d \u00d6n\u00e9letrajz erdei@kme-legal.hu +36 1 225 0698 Dr. F\u00fcl\u00f6p Edina \u00dcgyv\u00e9d \u00d6n\u00e9letrajz fulop@kme-legal.hu +36 1 225 0698 Dr. L\u00f3czi Kinga \u00dcgyv\u00e9djel\u00f6lt \u00d6n\u00e9letrajz loczi.kinga@kme-legal.hu +36 1 225 0698<\/p>\n","protected":false},"author":1,"featured_media":0,"parent":0,"menu_order":0,"comment_status":"closed","ping_status":"closed","template":"","meta":[],"_links":{"self":[{"href":"https:\/\/kme-legal.hu\/hu\/wp-json\/wp\/v2\/pages\/15"}],"collection":[{"href":"https:\/\/kme-legal.hu\/hu\/wp-json\/wp\/v2\/pages"}],"about":[{"href":"https:\/\/kme-legal.hu\/hu\/wp-json\/wp\/v2\/types\/page"}],"author":[{"embeddable":true,"href":"https:\/\/kme-legal.hu\/hu\/wp-json\/wp\/v2\/users\/1"}],"replies":[{"embeddable":true,"href":"https:\/\/kme-legal.hu\/hu\/wp-json\/wp\/v2\/comments?post=15"}],"version-history":[{"count":65,"href":"https:\/\/kme-legal.hu\/hu\/wp-json\/wp\/v2\/pages\/15\/revisions"}],"predecessor-version":[{"id":382,"href":"https:\/\/kme-legal.hu\/hu\/wp-json\/wp\/v2\/pages\/15\/revisions\/382"}],"wp:attachment":[{"href":"https:\/\/kme-legal.hu\/hu\/wp-json\/wp\/v2\/media?parent=15"}],"curies":[{"name":"wp","href":"https:\/\/api.w.org\/{rel}","templated":true}]}}