{"id":19,"date":"2017-08-29T06:11:41","date_gmt":"2017-08-29T06:11:41","guid":{"rendered":"http:\/\/kme-legal.hu\/new\/?page_id=19"},"modified":"2018-02-24T10:21:19","modified_gmt":"2018-02-24T10:21:19","slug":"going-international","status":"publish","type":"page","link":"https:\/\/kme-legal.hu\/hu\/going-international\/","title":{"rendered":"Nemzetk\u00f6zi kapcsolatok"},"content":{"rendered":"<p><\/p>\n<div id=\"pl-19\" class=\"panel-layout\">\n<div id=\"pg-19-0\" class=\"panel-grid panel-no-style\">\n<div id=\"pgc-19-0-0\" class=\"panel-grid-cell\" data-weight=\"1\">\n<div id=\"panel-19-0-0-0\" class=\"so-panel widget widget_media_image panel-first-child\" data-index=\"0\" data-style=\"{&quot;background_display&quot;:&quot;tile&quot;}\"><img loading=\"lazy\" class=\"image wp-image-41 attachment-medium size-medium\" style=\"max-width: 100%; height: auto;\" src=\"http:\/\/kme-legal.hu\/new\/wp-content\/uploads\/2017\/10\/go-in-300x179.jpg\" sizes=\"(max-width: 300px) 100vw, 300px\" srcset=\"http:\/\/kme-legal.hu\/new\/wp-content\/uploads\/2017\/10\/go-in-300x179.jpg 300w, http:\/\/kme-legal.hu\/new\/wp-content\/uploads\/2017\/10\/go-in.jpg 510w\" alt=\"\" width=\"300\" height=\"179\" \/><\/div>\n<div id=\"panel-19-0-0-1\" class=\"so-panel widget widget_text panel-last-child\" data-index=\"1\" data-style=\"{&quot;background_image_attachment&quot;:false,&quot;background_display&quot;:&quot;tile&quot;}\">\n<div class=\"textwidget\">Moln\u00e1r \u00e9s Erdei a <strong>Parlex Group<\/strong> (alap\u00edtva 1971-ben), a f\u00fcggetlen \u00fcgyv\u00e9di irod\u00e1k k\u00f6z\u00f6tti vil\u00e1gm\u00e9ret\u0171 egy\u00fcttm\u0171k\u00f6d\u00e9s (<a id='speclink' href=\"https:\/\/parlex.org\/\">Parlex<\/a>) magyar tagja. E h\u00e1l\u00f3zaton kereszt\u00fcl biztos\u00edtott, hogy az Iroda \u00fcgyfelei azonnali jogi seg\u00edts\u00e9get kapjanak a tev\u00e9kenys\u00e9g\u00fckkel kapcsolatban az Eur\u00f3pai Gazdas\u00e1gi T\u00e9rs\u00e9gben \u00e9s vil\u00e1gszerte. A Parlex tags\u00e1g biztos\u00edtja azt, hogy 27 k\u00fcl\u00f6nb\u00f6z\u0151 jogrendszert \u00e9rj\u00fcnk el, illetve, hogy a partnereink onnan benn\u00fcnket el\u00e9rjenek magyar vonatkoz\u00e1s\u00fa \u00fcgyeikben. A Moln\u00e1r \u00e9s Erdei \u00fcgyv\u00e9dei akt\u00edvan r\u00e9szt vesznek a Parlex Group k\u00fcl\u00f6nf\u00e9le Nemzetk\u00f6zi Munkacsoportjainak a munk\u00e1j\u00e1ban.&nbsp;<\/p>\n<\/div>\n<\/div>\n<\/div>\n<\/div>\n<\/div>\n<p><\/p>","protected":false},"excerpt":{"rendered":"<p>Moln\u00e1r \u00e9s Erdei a Parlex Group (alap\u00edtva 1971-ben), a f\u00fcggetlen \u00fcgyv\u00e9di irod\u00e1k k\u00f6z\u00f6tti vil\u00e1gm\u00e9ret\u0171 egy\u00fcttm\u0171k\u00f6d\u00e9s (Parlex) magyar tagja. E h\u00e1l\u00f3zaton kereszt\u00fcl biztos\u00edtott, hogy az Iroda \u00fcgyfelei azonnali jogi seg\u00edts\u00e9get kapjanak a tev\u00e9kenys\u00e9g\u00fckkel kapcsolatban az Eur\u00f3pai Gazdas\u00e1gi T\u00e9rs\u00e9gben \u00e9s vil\u00e1gszerte. A Parlex tags\u00e1g biztos\u00edtja azt, hogy 27 k\u00fcl\u00f6nb\u00f6z\u0151 jogrendszert \u00e9rj\u00fcnk el, illetve, hogy a partnereink onnan\u2026 <span class=\"read-more\"><a href=\"https:\/\/kme-legal.hu\/hu\/going-international\/\">Read More &raquo;<\/a><\/span><\/p>\n","protected":false},"author":1,"featured_media":0,"parent":0,"menu_order":0,"comment_status":"closed","ping_status":"closed","template":"","meta":[],"_links":{"self":[{"href":"https:\/\/kme-legal.hu\/hu\/wp-json\/wp\/v2\/pages\/19"}],"collection":[{"href":"https:\/\/kme-legal.hu\/hu\/wp-json\/wp\/v2\/pages"}],"about":[{"href":"https:\/\/kme-legal.hu\/hu\/wp-json\/wp\/v2\/types\/page"}],"author":[{"embeddable":true,"href":"https:\/\/kme-legal.hu\/hu\/wp-json\/wp\/v2\/users\/1"}],"replies":[{"embeddable":true,"href":"https:\/\/kme-legal.hu\/hu\/wp-json\/wp\/v2\/comments?post=19"}],"version-history":[{"count":14,"href":"https:\/\/kme-legal.hu\/hu\/wp-json\/wp\/v2\/pages\/19\/revisions"}],"predecessor-version":[{"id":315,"href":"https:\/\/kme-legal.hu\/hu\/wp-json\/wp\/v2\/pages\/19\/revisions\/315"}],"wp:attachment":[{"href":"https:\/\/kme-legal.hu\/hu\/wp-json\/wp\/v2\/media?parent=19"}],"curies":[{"name":"wp","href":"https:\/\/api.w.org\/{rel}","templated":true}]}}