{"id":338,"date":"2018-02-27T07:24:26","date_gmt":"2018-02-27T07:24:26","guid":{"rendered":"http:\/\/kme-legal.hu\/new\/?page_id=338"},"modified":"2018-02-27T07:39:51","modified_gmt":"2018-02-27T07:39:51","slug":"magyar-nyitooldal","status":"publish","type":"page","link":"https:\/\/kme-legal.hu\/hu\/","title":{"rendered":"H\u00edrek"},"content":{"rendered":"<div id=\"pl-338\"  class=\"panel-layout\" ><div id=\"pg-338-0\"  class=\"panel-grid panel-no-style\" ><div id=\"pgc-338-0-0\"  class=\"panel-grid-cell\" ><div id=\"panel-338-0-0-0\" class=\"so-panel widget widget_recent-posts-widget-with-thumbnails recent-posts-widget-with-thumbnails panel-first-child panel-last-child\" data-index=\"0\" >\n<div id=\"rpwwt-widget-0-0-0\" class=\"rpwwt-widget\">\r\n\t<ul>\r\n\t\t<li><a href=\"https:\/\/kme-legal.hu\/hu\/2019\/02\/01\/change-of-the-main-offices-of-the-firm\/\"><span class=\"rpwwt-post-title\">Az iroda sz\u00e9khely\u00e9nek a megv\u00e1ltoz\u00e1sa<\/span><\/a><div class=\"rpwwt-post-excerpt\">2019. febru\u00e1r 1. napj\u00e1t\u00f3l az Iroda sz\u00e9khelye \u00e1thelyez\u00e9sre ker\u00fclt a 1118 Budapest, Vill\u00e1nyi \u00fat 47. sz\u00e1m al\u00e1. Ezzel megval\u00f3sult az Iroda fizikai integr\u00e1ci\u00f3ja a Kende, Moln\u00e1r-B\u00edr\u00f3, Katona \u00dcgyv\u00e9di T\u00e1rsul\u00e1sba (www.kmbk.hu), amelynek az Iroda m\u00e1r h\u00e1rom \u00e9ve a tagja.<span class=\"rpwwt-post-excerpt-more\"> [\u2026]<\/span><\/div><\/li>\r\n\t\t<li><a href=\"https:\/\/kme-legal.hu\/hu\/2018\/02\/24\/magyar-hir2\/\"><img width=\"150\" height=\"150\" src=\"https:\/\/kme-legal.hu\/wp-content\/uploads\/2018\/01\/cooperation-150x150.jpg\" class=\"attachment-150x150 size-150x150 wp-post-image\" alt=\"\" loading=\"lazy\" \/><span class=\"rpwwt-post-title\">A Parlex egy\u00fcttm\u0171k\u00f6d\u00e9s sikere<\/span><\/a><div class=\"rpwwt-post-excerpt\">A Braunschweigi Fellebbviteli B\u00edr\u00f3s\u00e1g (Oberlandesgericht Braunschweig) m\u00e1sodfokon helybenhagyta az els\u0151fok\u00fa b\u00edr\u00f3s\u00e1g hat\u00e1rozat\u00e1t, amely helyt adott a felperes v\u00e9tel\u00e1r megfizet\u00e9s\u00e9re vonatkoz\u00f3 kereset\u00e9nek. Az \u00fcgyben a b\u00edr\u00f3s\u00e1gnak az ing\u00f3 dolgok nemzetk\u00f6zi ad\u00e1sv\u00e9tel\u00e9r\u0151l sz\u00f3l\u00f3 B\u00e9csi V\u00e9teli Egyezm\u00e9nyt (CISG) kellett alkalmaznia \u00e9s t\u00f6bbek k\u00f6z\u00f6tt \u00e9rtelmeznie kellett az egyezm\u00e9ny hib\u00e1s teljes\u00edt\u00e9sre, az <span class=\"rpwwt-post-excerpt-more\"> [\u2026]<\/span><\/div><\/li>\r\n\t<\/ul>\r\n<\/div><!-- .rpwwt-widget -->\r\n<\/div><\/div><\/div><\/div>","protected":false},"excerpt":{"rendered":"","protected":false},"author":1,"featured_media":0,"parent":0,"menu_order":0,"comment_status":"closed","ping_status":"closed","template":"","meta":[],"_links":{"self":[{"href":"https:\/\/kme-legal.hu\/hu\/wp-json\/wp\/v2\/pages\/338"}],"collection":[{"href":"https:\/\/kme-legal.hu\/hu\/wp-json\/wp\/v2\/pages"}],"about":[{"href":"https:\/\/kme-legal.hu\/hu\/wp-json\/wp\/v2\/types\/page"}],"author":[{"embeddable":true,"href":"https:\/\/kme-legal.hu\/hu\/wp-json\/wp\/v2\/users\/1"}],"replies":[{"embeddable":true,"href":"https:\/\/kme-legal.hu\/hu\/wp-json\/wp\/v2\/comments?post=338"}],"version-history":[{"count":14,"href":"https:\/\/kme-legal.hu\/hu\/wp-json\/wp\/v2\/pages\/338\/revisions"}],"predecessor-version":[{"id":355,"href":"https:\/\/kme-legal.hu\/hu\/wp-json\/wp\/v2\/pages\/338\/revisions\/355"}],"wp:attachment":[{"href":"https:\/\/kme-legal.hu\/hu\/wp-json\/wp\/v2\/media?parent=338"}],"curies":[{"name":"wp","href":"https:\/\/api.w.org\/{rel}","templated":true}]}}