{"id":96,"date":"2017-11-15T04:18:16","date_gmt":"2017-11-15T04:18:16","guid":{"rendered":"http:\/\/kme-legal.hu\/new\/?page_id=96"},"modified":"2018-02-04T20:42:11","modified_gmt":"2018-02-04T20:42:11","slug":"history-2","status":"publish","type":"page","link":"https:\/\/kme-legal.hu\/hu\/history-2\/","title":{"rendered":"T\u00f6rt\u00e9net"},"content":{"rendered":"<p>Az Iroda 2000-ben t\u00f6rt\u00e9nt alap\u00edt\u00e1s\u00e1t megel\u0151z\u0151en az Iroda tagjai k\u00fcl\u00f6nb\u00f6z\u0151 m\u00e1s budapesti \u00fcgyv\u00e9di irod\u00e1kban fejtett\u00e9k ki a tev\u00e9kenys\u00e9g\u00fcket. Az Iroda a jelenlegi form\u00e1j\u00e1ban 2015 \u00f3ta m\u0171k\u00f6dik.<\/p>\n<p><img class=\"size-full wp-image-119 aligncenter\" style=\"box-shadow: 10px 10px 10px #3F1956;\"src=\"http:\/\/kme-legal.hu\/new\/wp-content\/uploads\/2017\/11\/erdei_cr.jpg\" alt=\"\" width=\"230\" height=\"238\" \/><\/p>\n<p><b>Dr. Erdei Zsolt<\/b>, a Gide Loyrette Nouel budapesti irod\u00e1j\u00e1nak kor\u00e1bbi \u00fcgyv\u00e9djel\u00f6ltje 2005-ben lett az Iroda tagja, \u00e9s els\u0151sorban a t\u00e1rsas\u00e1gi \u00e1tstruktur\u00e1l\u00e1sokkal \u00e9s ingatlanfejleszt\u00e9sekkel kapcsolatos tapasztalata jelent fontos el\u0151ny\u00f6ket az Iroda sz\u00e1m\u00e1ra.<\/p>\n<p><img loading=\"lazy\" class=\"size-full wp-image-119 aligncenter\" style=\"box-shadow: 10px 10px 10px #3F1956;\" src=\"http:\/\/kme-legal.hu\/new\/wp-content\/uploads\/2017\/11\/molnar-istvan_cr.jpg\" alt=\"\" width=\"214\" height=\"214\" \/><\/p>\n<p><b>Dr. Moln\u00e1r Istv\u00e1n J\u00e1nos<\/b>, a Gide Loyrette Nouel budapesti irod\u00e1j\u00e1ban praktiz\u00e1lt \u2013 \u00fcgyv\u00e9dk\u00e9nt, majd helyi partnerk\u00e9nt &#8211; 1993 \u00e9s 2008 k\u00f6z\u00f6tt, 2008. m\u00e1jus 1. napja \u00f3ta az Iroda tagja, k\u00fcl\u00f6nleges szakter\u00fcletei az \u00f6sszeolvad\u00e1sok \u00e9s felv\u00e1s\u00e1rl\u00e1sok, a nemzetk\u00f6zi kereskedelmi jog \u00e9s a jogvitarendez\u00e9s.<\/p>\n<p><img loading=\"lazy\" class=\"size-full wp-image-119 aligncenter\" style=\"box-shadow: 10px 10px 10px #3F1956;\" src=\"http:\/\/kme-legal.hu\/new\/wp-content\/uploads\/2017\/11\/edina-fulop_cr.jpg\" alt=\"\" width=\"198\" height=\"230\" \/><\/p>\n<p><b>Dr. F\u00fcl\u00f6p Edina <\/b>2014-ben csatlakozott az Irod\u00e1hoz t\u00e1rsult tagk\u00e9nt, jelenleg \u0151 vezeti az Iroda ingatlanjogi csoportj\u00e1t \u00e9s akt\u00edvan r\u00e9szt vesz a kereskedelmi jogi, munkajogi \u00e9s perjogi tev\u00e9kenys\u00e9gben is.<\/p>","protected":false},"excerpt":{"rendered":"<p>Az Iroda 2000-ben t\u00f6rt\u00e9nt alap\u00edt\u00e1s\u00e1t megel\u0151z\u0151en az Iroda tagjai k\u00fcl\u00f6nb\u00f6z\u0151 m\u00e1s budapesti \u00fcgyv\u00e9di irod\u00e1kban fejtett\u00e9k ki a tev\u00e9kenys\u00e9g\u00fcket. Az Iroda a jelenlegi form\u00e1j\u00e1ban 2015 \u00f3ta m\u0171k\u00f6dik. Dr. Erdei Zsolt, a Gide Loyrette Nouel budapesti irod\u00e1j\u00e1nak kor\u00e1bbi \u00fcgyv\u00e9djel\u00f6ltje 2005-ben lett az Iroda tagja, \u00e9s els\u0151sorban a t\u00e1rsas\u00e1gi \u00e1tstruktur\u00e1l\u00e1sokkal \u00e9s ingatlanfejleszt\u00e9sekkel kapcsolatos tapasztalata jelent fontos el\u0151ny\u00f6ket az\u2026 <span class=\"read-more\"><a href=\"https:\/\/kme-legal.hu\/hu\/history-2\/\">Read More &raquo;<\/a><\/span><\/p>\n","protected":false},"author":1,"featured_media":0,"parent":0,"menu_order":0,"comment_status":"closed","ping_status":"closed","template":"","meta":[],"_links":{"self":[{"href":"https:\/\/kme-legal.hu\/hu\/wp-json\/wp\/v2\/pages\/96"}],"collection":[{"href":"https:\/\/kme-legal.hu\/hu\/wp-json\/wp\/v2\/pages"}],"about":[{"href":"https:\/\/kme-legal.hu\/hu\/wp-json\/wp\/v2\/types\/page"}],"author":[{"embeddable":true,"href":"https:\/\/kme-legal.hu\/hu\/wp-json\/wp\/v2\/users\/1"}],"replies":[{"embeddable":true,"href":"https:\/\/kme-legal.hu\/hu\/wp-json\/wp\/v2\/comments?post=96"}],"version-history":[{"count":9,"href":"https:\/\/kme-legal.hu\/hu\/wp-json\/wp\/v2\/pages\/96\/revisions"}],"predecessor-version":[{"id":183,"href":"https:\/\/kme-legal.hu\/hu\/wp-json\/wp\/v2\/pages\/96\/revisions\/183"}],"wp:attachment":[{"href":"https:\/\/kme-legal.hu\/hu\/wp-json\/wp\/v2\/media?parent=96"}],"curies":[{"name":"wp","href":"https:\/\/api.w.org\/{rel}","templated":true}]}}